{"id":8231,"date":"2021-04-22T12:41:52","date_gmt":"2021-04-22T12:41:52","guid":{"rendered":"https:\/\/www.ladolcevallata.com\/apartments\/apartement-noce\/"},"modified":"2022-10-17T14:36:36","modified_gmt":"2022-10-17T14:36:36","slug":"noce","status":"publish","type":"page","link":"https:\/\/www.ladolcevallata.com\/hu\/apartmanok\/noce\/","title":{"rendered":"Apartman Noce"},"content":{"rendered":"<p>Az apartman az \u00e9p\u00fclet f\u00f6ldszintj\u00e9n, a d\u00e9li oldalon tal\u00e1lhat\u00f3. Tartalmaz egy konyh\u00e1t, \u00e9kez\u0151t, f\u00fcrd\u0151szob\u00e1t zuhanyz\u00f3val mosd\u00f3val \u00e9s WC-vel. 4-6 f\u0151 r\u00e9sz\u00e9re aj\u00e1nljuk, egy dupla \u00e1gy \u00e9s egy 2 szem\u00e9lyes kanap\u00e9, valamint egy emeletes \u00e1gy tal\u00e1lhat\u00f3 az apartmanban. L\u00e9gkondicion\u00e1l\u00e1s, f\u0171t\u00e9s biztos\u00edtott.<\/p>\n<ul>\n<li>felszerelt konyha<\/li>\n<li>\u00e9tkez\u0151<\/li>\n<li>f\u00fcrd\u0151szoba zuhanyz\u00f3val, mosd\u00f3val WC-vel<\/li>\n<li>l\u00e9gkondicion\u00e1l\u00e1s<\/li>\n<li>38 m\u00b2<\/li>\n<\/ul>\n","protected":false},"excerpt":{"rendered":"<p>Az apartman az \u00e9p\u00fclet f\u00f6ldszintj\u00e9n, a d\u00e9li oldalon tal\u00e1lhat\u00f3. Tartalmaz egy konyh\u00e1t, \u00e9kez\u0151t, f\u00fcrd\u0151szob\u00e1t zuhanyz\u00f3val mosd\u00f3val \u00e9s WC-vel. 4-6 [&hellip;]<\/p>\n","protected":false},"author":1,"featured_media":7606,"parent":8221,"menu_order":5,"comment_status":"closed","ping_status":"closed","template":"template-accommodation.php","meta":{"_acf_changed":false,"footnotes":""},"class_list":["post-8231","page","type-page","status-publish","has-post-thumbnail","hentry"],"acf":[],"yoast_head":"<!-- This site is optimized with the Yoast SEO plugin v27.3 - https:\/\/yoast.com\/product\/yoast-seo-wordpress\/ -->\n<title>Apartman Noce - La dolce vallata<\/title>\n<meta name=\"robots\" content=\"index, follow, max-snippet:-1, max-image-preview:large, max-video-preview:-1\" \/>\n<link rel=\"canonical\" href=\"https:\/\/www.ladolcevallata.com\/hu\/apartmanok\/noce\/\" \/>\n<meta property=\"og:locale\" content=\"hu_HU\" \/>\n<meta property=\"og:type\" content=\"article\" \/>\n<meta property=\"og:title\" content=\"Apartman Noce - La dolce vallata\" \/>\n<meta property=\"og:description\" content=\"Az apartman az \u00e9p\u00fclet f\u00f6ldszintj\u00e9n, a d\u00e9li oldalon tal\u00e1lhat\u00f3. Tartalmaz egy konyh\u00e1t, \u00e9kez\u0151t, f\u00fcrd\u0151szob\u00e1t zuhanyz\u00f3val mosd\u00f3val \u00e9s WC-vel. 4-6 [&hellip;]\" \/>\n<meta property=\"og:url\" content=\"https:\/\/www.ladolcevallata.com\/hu\/apartmanok\/noce\/\" \/>\n<meta property=\"og:site_name\" content=\"La dolce vallata\" \/>\n<meta property=\"article:publisher\" content=\"https:\/\/www.facebook.com\/dolcevallata\" \/>\n<meta property=\"article:modified_time\" content=\"2022-10-17T14:36:36+00:00\" \/>\n<meta property=\"og:image\" content=\"https:\/\/www.ladolcevallata.com\/wp-content\/uploads\/2021\/03\/Montefiore_40.jpg\" \/>\n\t<meta property=\"og:image:width\" content=\"1901\" \/>\n\t<meta property=\"og:image:height\" content=\"1267\" \/>\n\t<meta property=\"og:image:type\" content=\"image\/jpeg\" \/>\n<meta name=\"twitter:card\" content=\"summary_large_image\" \/>\n<meta name=\"twitter:label1\" content=\"Becs\u00fclt olvas\u00e1si id\u0151\" \/>\n\t<meta name=\"twitter:data1\" content=\"1 perc\" \/>\n<script type=\"application\/ld+json\" class=\"yoast-schema-graph\">{\"@context\":\"https:\\\/\\\/schema.org\",\"@graph\":[{\"@type\":\"WebPage\",\"@id\":\"https:\\\/\\\/www.ladolcevallata.com\\\/hu\\\/apartmanok\\\/noce\\\/\",\"url\":\"https:\\\/\\\/www.ladolcevallata.com\\\/hu\\\/apartmanok\\\/noce\\\/\",\"name\":\"Apartman Noce - La dolce vallata\",\"isPartOf\":{\"@id\":\"https:\\\/\\\/www.ladolcevallata.com\\\/hu\\\/#website\"},\"primaryImageOfPage\":{\"@id\":\"https:\\\/\\\/www.ladolcevallata.com\\\/hu\\\/apartmanok\\\/noce\\\/#primaryimage\"},\"image\":{\"@id\":\"https:\\\/\\\/www.ladolcevallata.com\\\/hu\\\/apartmanok\\\/noce\\\/#primaryimage\"},\"thumbnailUrl\":\"https:\\\/\\\/www.ladolcevallata.com\\\/wp-content\\\/uploads\\\/2021\\\/03\\\/Montefiore_40.jpg\",\"datePublished\":\"2021-04-22T12:41:52+00:00\",\"dateModified\":\"2022-10-17T14:36:36+00:00\",\"breadcrumb\":{\"@id\":\"https:\\\/\\\/www.ladolcevallata.com\\\/hu\\\/apartmanok\\\/noce\\\/#breadcrumb\"},\"inLanguage\":\"hu\",\"potentialAction\":[{\"@type\":\"ReadAction\",\"target\":[\"https:\\\/\\\/www.ladolcevallata.com\\\/hu\\\/apartmanok\\\/noce\\\/\"]}]},{\"@type\":\"ImageObject\",\"inLanguage\":\"hu\",\"@id\":\"https:\\\/\\\/www.ladolcevallata.com\\\/hu\\\/apartmanok\\\/noce\\\/#primaryimage\",\"url\":\"https:\\\/\\\/www.ladolcevallata.com\\\/wp-content\\\/uploads\\\/2021\\\/03\\\/Montefiore_40.jpg\",\"contentUrl\":\"https:\\\/\\\/www.ladolcevallata.com\\\/wp-content\\\/uploads\\\/2021\\\/03\\\/Montefiore_40.jpg\",\"width\":1901,\"height\":1267},{\"@type\":\"BreadcrumbList\",\"@id\":\"https:\\\/\\\/www.ladolcevallata.com\\\/hu\\\/apartmanok\\\/noce\\\/#breadcrumb\",\"itemListElement\":[{\"@type\":\"ListItem\",\"position\":1,\"name\":\"Home\",\"item\":\"https:\\\/\\\/www.ladolcevallata.com\\\/hu\\\/\"},{\"@type\":\"ListItem\",\"position\":2,\"name\":\"Apartmanok\",\"item\":\"https:\\\/\\\/www.ladolcevallata.com\\\/hu\\\/apartmanok\\\/\"},{\"@type\":\"ListItem\",\"position\":3,\"name\":\"Apartman Noce\"}]},{\"@type\":\"WebSite\",\"@id\":\"https:\\\/\\\/www.ladolcevallata.com\\\/hu\\\/#website\",\"url\":\"https:\\\/\\\/www.ladolcevallata.com\\\/hu\\\/\",\"name\":\"La dolce vallata\",\"description\":\"My WordPress Blog\",\"potentialAction\":[{\"@type\":\"SearchAction\",\"target\":{\"@type\":\"EntryPoint\",\"urlTemplate\":\"https:\\\/\\\/www.ladolcevallata.com\\\/hu\\\/?s={search_term_string}\"},\"query-input\":{\"@type\":\"PropertyValueSpecification\",\"valueRequired\":true,\"valueName\":\"search_term_string\"}}],\"inLanguage\":\"hu\"}]}<\/script>\n<!-- \/ Yoast SEO plugin. -->","yoast_head_json":{"title":"Apartman Noce - La dolce vallata","robots":{"index":"index","follow":"follow","max-snippet":"max-snippet:-1","max-image-preview":"max-image-preview:large","max-video-preview":"max-video-preview:-1"},"canonical":"https:\/\/www.ladolcevallata.com\/hu\/apartmanok\/noce\/","og_locale":"hu_HU","og_type":"article","og_title":"Apartman Noce - La dolce vallata","og_description":"Az apartman az \u00e9p\u00fclet f\u00f6ldszintj\u00e9n, a d\u00e9li oldalon tal\u00e1lhat\u00f3. Tartalmaz egy konyh\u00e1t, \u00e9kez\u0151t, f\u00fcrd\u0151szob\u00e1t zuhanyz\u00f3val mosd\u00f3val \u00e9s WC-vel. 4-6 [&hellip;]","og_url":"https:\/\/www.ladolcevallata.com\/hu\/apartmanok\/noce\/","og_site_name":"La dolce vallata","article_publisher":"https:\/\/www.facebook.com\/dolcevallata","article_modified_time":"2022-10-17T14:36:36+00:00","og_image":[{"width":1901,"height":1267,"url":"https:\/\/www.ladolcevallata.com\/wp-content\/uploads\/2021\/03\/Montefiore_40.jpg","type":"image\/jpeg"}],"twitter_card":"summary_large_image","twitter_misc":{"Becs\u00fclt olvas\u00e1si id\u0151":"1 perc"},"schema":{"@context":"https:\/\/schema.org","@graph":[{"@type":"WebPage","@id":"https:\/\/www.ladolcevallata.com\/hu\/apartmanok\/noce\/","url":"https:\/\/www.ladolcevallata.com\/hu\/apartmanok\/noce\/","name":"Apartman Noce - La dolce vallata","isPartOf":{"@id":"https:\/\/www.ladolcevallata.com\/hu\/#website"},"primaryImageOfPage":{"@id":"https:\/\/www.ladolcevallata.com\/hu\/apartmanok\/noce\/#primaryimage"},"image":{"@id":"https:\/\/www.ladolcevallata.com\/hu\/apartmanok\/noce\/#primaryimage"},"thumbnailUrl":"https:\/\/www.ladolcevallata.com\/wp-content\/uploads\/2021\/03\/Montefiore_40.jpg","datePublished":"2021-04-22T12:41:52+00:00","dateModified":"2022-10-17T14:36:36+00:00","breadcrumb":{"@id":"https:\/\/www.ladolcevallata.com\/hu\/apartmanok\/noce\/#breadcrumb"},"inLanguage":"hu","potentialAction":[{"@type":"ReadAction","target":["https:\/\/www.ladolcevallata.com\/hu\/apartmanok\/noce\/"]}]},{"@type":"ImageObject","inLanguage":"hu","@id":"https:\/\/www.ladolcevallata.com\/hu\/apartmanok\/noce\/#primaryimage","url":"https:\/\/www.ladolcevallata.com\/wp-content\/uploads\/2021\/03\/Montefiore_40.jpg","contentUrl":"https:\/\/www.ladolcevallata.com\/wp-content\/uploads\/2021\/03\/Montefiore_40.jpg","width":1901,"height":1267},{"@type":"BreadcrumbList","@id":"https:\/\/www.ladolcevallata.com\/hu\/apartmanok\/noce\/#breadcrumb","itemListElement":[{"@type":"ListItem","position":1,"name":"Home","item":"https:\/\/www.ladolcevallata.com\/hu\/"},{"@type":"ListItem","position":2,"name":"Apartmanok","item":"https:\/\/www.ladolcevallata.com\/hu\/apartmanok\/"},{"@type":"ListItem","position":3,"name":"Apartman Noce"}]},{"@type":"WebSite","@id":"https:\/\/www.ladolcevallata.com\/hu\/#website","url":"https:\/\/www.ladolcevallata.com\/hu\/","name":"La dolce vallata","description":"My WordPress Blog","potentialAction":[{"@type":"SearchAction","target":{"@type":"EntryPoint","urlTemplate":"https:\/\/www.ladolcevallata.com\/hu\/?s={search_term_string}"},"query-input":{"@type":"PropertyValueSpecification","valueRequired":true,"valueName":"search_term_string"}}],"inLanguage":"hu"}]}},"_links":{"self":[{"href":"https:\/\/www.ladolcevallata.com\/hu\/wp-json\/wp\/v2\/pages\/8231","targetHints":{"allow":["GET"]}}],"collection":[{"href":"https:\/\/www.ladolcevallata.com\/hu\/wp-json\/wp\/v2\/pages"}],"about":[{"href":"https:\/\/www.ladolcevallata.com\/hu\/wp-json\/wp\/v2\/types\/page"}],"author":[{"embeddable":true,"href":"https:\/\/www.ladolcevallata.com\/hu\/wp-json\/wp\/v2\/users\/1"}],"replies":[{"embeddable":true,"href":"https:\/\/www.ladolcevallata.com\/hu\/wp-json\/wp\/v2\/comments?post=8231"}],"version-history":[{"count":5,"href":"https:\/\/www.ladolcevallata.com\/hu\/wp-json\/wp\/v2\/pages\/8231\/revisions"}],"predecessor-version":[{"id":8682,"href":"https:\/\/www.ladolcevallata.com\/hu\/wp-json\/wp\/v2\/pages\/8231\/revisions\/8682"}],"up":[{"embeddable":true,"href":"https:\/\/www.ladolcevallata.com\/hu\/wp-json\/wp\/v2\/pages\/8221"}],"wp:featuredmedia":[{"embeddable":true,"href":"https:\/\/www.ladolcevallata.com\/hu\/wp-json\/wp\/v2\/media\/7606"}],"wp:attachment":[{"href":"https:\/\/www.ladolcevallata.com\/hu\/wp-json\/wp\/v2\/media?parent=8231"}],"curies":[{"name":"wp","href":"https:\/\/api.w.org\/{rel}","templated":true}]}}