{"id":8225,"date":"2021-04-22T12:37:56","date_gmt":"2021-04-22T12:37:56","guid":{"rendered":"https:\/\/www.ladolcevallata.com\/apartments\/apartement-melagrana\/"},"modified":"2022-10-17T14:33:43","modified_gmt":"2022-10-17T14:33:43","slug":"melagrana","status":"publish","type":"page","link":"https:\/\/www.ladolcevallata.com\/hu\/apartmanok\/melagrana\/","title":{"rendered":"Apartman Melagrana"},"content":{"rendered":"<p>K\u00e9nyelmes, \u00f6nell\u00e1t\u00e1sra teljesen felszerelt sz\u00e1ll\u00e1s 4 f\u0151nek, k\u00fcl\u00f6n k\u00e9t\u00e1gyas h\u00e1l\u00f3szob\u00e1val. Az apartman az \u00e9p\u00fclet f\u00f6ldszintj\u00e9n, a d\u00e9li oldalon tal\u00e1lhat\u00f3. Tartalmaz egy konyh\u00e1t, \u00e9kez\u0151t, f\u00fcrd\u0151szob\u00e1t zuhanyz\u00f3val mosd\u00f3val \u00e9s WC-vel. 4 f\u0151 r\u00e9sz\u00e9re aj\u00e1nljuk, egy dupla \u00e1gy \u00e9s 2 egyszem\u00e9lyes tal\u00e1lhat\u00f3 az apartmanban. A fedett terasz a hegyekre n\u00e9z, r\u00e9szben tengeri kil\u00e1t\u00e1ssal. L\u00e9gkondicion\u00e1l\u00e1s, f\u0171t\u00e9s biztos\u00edtott.<\/p>\n<ul>\n<li>felszerelt konyha<\/li>\n<li>f\u00fcrd\u0151szoba zuhanyz\u00f3val, mosd\u00f3val WC-vel<\/li>\n<li>\u00e9tkez\u0151<\/li>\n<li>l\u00e9gkondicion\u00e1l\u00e1s<\/li>\n<li>36 m\u00b2<\/li>\n<\/ul>\n","protected":false},"excerpt":{"rendered":"<p>K\u00e9nyelmes, \u00f6nell\u00e1t\u00e1sra teljesen felszerelt sz\u00e1ll\u00e1s 4 f\u0151nek, k\u00fcl\u00f6n k\u00e9t\u00e1gyas h\u00e1l\u00f3szob\u00e1val. Az apartman az \u00e9p\u00fclet f\u00f6ldszintj\u00e9n, a d\u00e9li oldalon tal\u00e1lhat\u00f3. [&hellip;]<\/p>\n","protected":false},"author":1,"featured_media":7338,"parent":8221,"menu_order":2,"comment_status":"closed","ping_status":"closed","template":"template-accommodation.php","meta":{"_acf_changed":false,"footnotes":""},"class_list":["post-8225","page","type-page","status-publish","has-post-thumbnail","hentry"],"acf":[],"yoast_head":"<!-- This site is optimized with the Yoast SEO plugin v27.4 - https:\/\/yoast.com\/product\/yoast-seo-wordpress\/ -->\n<title>Apartman Melagrana - La dolce vallata<\/title>\n<meta name=\"robots\" content=\"index, follow, max-snippet:-1, max-image-preview:large, max-video-preview:-1\" \/>\n<link rel=\"canonical\" href=\"https:\/\/www.ladolcevallata.com\/hu\/apartmanok\/melagrana\/\" \/>\n<meta property=\"og:locale\" content=\"hu_HU\" \/>\n<meta property=\"og:type\" content=\"article\" \/>\n<meta property=\"og:title\" content=\"Apartman Melagrana - La dolce vallata\" \/>\n<meta property=\"og:description\" content=\"K\u00e9nyelmes, \u00f6nell\u00e1t\u00e1sra teljesen felszerelt sz\u00e1ll\u00e1s 4 f\u0151nek, k\u00fcl\u00f6n k\u00e9t\u00e1gyas h\u00e1l\u00f3szob\u00e1val. Az apartman az \u00e9p\u00fclet f\u00f6ldszintj\u00e9n, a d\u00e9li oldalon tal\u00e1lhat\u00f3. [&hellip;]\" \/>\n<meta property=\"og:url\" content=\"https:\/\/www.ladolcevallata.com\/hu\/apartmanok\/melagrana\/\" \/>\n<meta property=\"og:site_name\" content=\"La dolce vallata\" \/>\n<meta property=\"article:publisher\" content=\"https:\/\/www.facebook.com\/dolcevallata\" \/>\n<meta property=\"article:modified_time\" content=\"2022-10-17T14:33:43+00:00\" \/>\n<meta property=\"og:image\" content=\"https:\/\/www.ladolcevallata.com\/wp-content\/uploads\/2021\/02\/Melagrana-9.jpg\" \/>\n\t<meta property=\"og:image:width\" content=\"800\" \/>\n\t<meta property=\"og:image:height\" content=\"533\" \/>\n\t<meta property=\"og:image:type\" content=\"image\/jpeg\" \/>\n<meta name=\"twitter:card\" content=\"summary_large_image\" \/>\n<meta name=\"twitter:label1\" content=\"Becs\u00fclt olvas\u00e1si id\u0151\" \/>\n\t<meta name=\"twitter:data1\" content=\"1 perc\" \/>\n<script type=\"application\/ld+json\" class=\"yoast-schema-graph\">{\"@context\":\"https:\\\/\\\/schema.org\",\"@graph\":[{\"@type\":\"WebPage\",\"@id\":\"https:\\\/\\\/www.ladolcevallata.com\\\/hu\\\/apartmanok\\\/melagrana\\\/\",\"url\":\"https:\\\/\\\/www.ladolcevallata.com\\\/hu\\\/apartmanok\\\/melagrana\\\/\",\"name\":\"Apartman Melagrana - La dolce vallata\",\"isPartOf\":{\"@id\":\"https:\\\/\\\/www.ladolcevallata.com\\\/hu\\\/#website\"},\"primaryImageOfPage\":{\"@id\":\"https:\\\/\\\/www.ladolcevallata.com\\\/hu\\\/apartmanok\\\/melagrana\\\/#primaryimage\"},\"image\":{\"@id\":\"https:\\\/\\\/www.ladolcevallata.com\\\/hu\\\/apartmanok\\\/melagrana\\\/#primaryimage\"},\"thumbnailUrl\":\"https:\\\/\\\/www.ladolcevallata.com\\\/wp-content\\\/uploads\\\/2021\\\/02\\\/Melagrana-9.jpg\",\"datePublished\":\"2021-04-22T12:37:56+00:00\",\"dateModified\":\"2022-10-17T14:33:43+00:00\",\"breadcrumb\":{\"@id\":\"https:\\\/\\\/www.ladolcevallata.com\\\/hu\\\/apartmanok\\\/melagrana\\\/#breadcrumb\"},\"inLanguage\":\"hu\",\"potentialAction\":[{\"@type\":\"ReadAction\",\"target\":[\"https:\\\/\\\/www.ladolcevallata.com\\\/hu\\\/apartmanok\\\/melagrana\\\/\"]}]},{\"@type\":\"ImageObject\",\"inLanguage\":\"hu\",\"@id\":\"https:\\\/\\\/www.ladolcevallata.com\\\/hu\\\/apartmanok\\\/melagrana\\\/#primaryimage\",\"url\":\"https:\\\/\\\/www.ladolcevallata.com\\\/wp-content\\\/uploads\\\/2021\\\/02\\\/Melagrana-9.jpg\",\"contentUrl\":\"https:\\\/\\\/www.ladolcevallata.com\\\/wp-content\\\/uploads\\\/2021\\\/02\\\/Melagrana-9.jpg\",\"width\":800,\"height\":533,\"caption\":\"OLYMPUS DIGITAL CAMERA\"},{\"@type\":\"BreadcrumbList\",\"@id\":\"https:\\\/\\\/www.ladolcevallata.com\\\/hu\\\/apartmanok\\\/melagrana\\\/#breadcrumb\",\"itemListElement\":[{\"@type\":\"ListItem\",\"position\":1,\"name\":\"Home\",\"item\":\"https:\\\/\\\/www.ladolcevallata.com\\\/hu\\\/\"},{\"@type\":\"ListItem\",\"position\":2,\"name\":\"Apartmanok\",\"item\":\"https:\\\/\\\/www.ladolcevallata.com\\\/hu\\\/apartmanok\\\/\"},{\"@type\":\"ListItem\",\"position\":3,\"name\":\"Apartman Melagrana\"}]},{\"@type\":\"WebSite\",\"@id\":\"https:\\\/\\\/www.ladolcevallata.com\\\/hu\\\/#website\",\"url\":\"https:\\\/\\\/www.ladolcevallata.com\\\/hu\\\/\",\"name\":\"La dolce vallata\",\"description\":\"My WordPress Blog\",\"potentialAction\":[{\"@type\":\"SearchAction\",\"target\":{\"@type\":\"EntryPoint\",\"urlTemplate\":\"https:\\\/\\\/www.ladolcevallata.com\\\/hu\\\/?s={search_term_string}\"},\"query-input\":{\"@type\":\"PropertyValueSpecification\",\"valueRequired\":true,\"valueName\":\"search_term_string\"}}],\"inLanguage\":\"hu\"}]}<\/script>\n<!-- \/ Yoast SEO plugin. -->","yoast_head_json":{"title":"Apartman Melagrana - La dolce vallata","robots":{"index":"index","follow":"follow","max-snippet":"max-snippet:-1","max-image-preview":"max-image-preview:large","max-video-preview":"max-video-preview:-1"},"canonical":"https:\/\/www.ladolcevallata.com\/hu\/apartmanok\/melagrana\/","og_locale":"hu_HU","og_type":"article","og_title":"Apartman Melagrana - La dolce vallata","og_description":"K\u00e9nyelmes, \u00f6nell\u00e1t\u00e1sra teljesen felszerelt sz\u00e1ll\u00e1s 4 f\u0151nek, k\u00fcl\u00f6n k\u00e9t\u00e1gyas h\u00e1l\u00f3szob\u00e1val. Az apartman az \u00e9p\u00fclet f\u00f6ldszintj\u00e9n, a d\u00e9li oldalon tal\u00e1lhat\u00f3. [&hellip;]","og_url":"https:\/\/www.ladolcevallata.com\/hu\/apartmanok\/melagrana\/","og_site_name":"La dolce vallata","article_publisher":"https:\/\/www.facebook.com\/dolcevallata","article_modified_time":"2022-10-17T14:33:43+00:00","og_image":[{"width":800,"height":533,"url":"https:\/\/www.ladolcevallata.com\/wp-content\/uploads\/2021\/02\/Melagrana-9.jpg","type":"image\/jpeg"}],"twitter_card":"summary_large_image","twitter_misc":{"Becs\u00fclt olvas\u00e1si id\u0151":"1 perc"},"schema":{"@context":"https:\/\/schema.org","@graph":[{"@type":"WebPage","@id":"https:\/\/www.ladolcevallata.com\/hu\/apartmanok\/melagrana\/","url":"https:\/\/www.ladolcevallata.com\/hu\/apartmanok\/melagrana\/","name":"Apartman Melagrana - La dolce vallata","isPartOf":{"@id":"https:\/\/www.ladolcevallata.com\/hu\/#website"},"primaryImageOfPage":{"@id":"https:\/\/www.ladolcevallata.com\/hu\/apartmanok\/melagrana\/#primaryimage"},"image":{"@id":"https:\/\/www.ladolcevallata.com\/hu\/apartmanok\/melagrana\/#primaryimage"},"thumbnailUrl":"https:\/\/www.ladolcevallata.com\/wp-content\/uploads\/2021\/02\/Melagrana-9.jpg","datePublished":"2021-04-22T12:37:56+00:00","dateModified":"2022-10-17T14:33:43+00:00","breadcrumb":{"@id":"https:\/\/www.ladolcevallata.com\/hu\/apartmanok\/melagrana\/#breadcrumb"},"inLanguage":"hu","potentialAction":[{"@type":"ReadAction","target":["https:\/\/www.ladolcevallata.com\/hu\/apartmanok\/melagrana\/"]}]},{"@type":"ImageObject","inLanguage":"hu","@id":"https:\/\/www.ladolcevallata.com\/hu\/apartmanok\/melagrana\/#primaryimage","url":"https:\/\/www.ladolcevallata.com\/wp-content\/uploads\/2021\/02\/Melagrana-9.jpg","contentUrl":"https:\/\/www.ladolcevallata.com\/wp-content\/uploads\/2021\/02\/Melagrana-9.jpg","width":800,"height":533,"caption":"OLYMPUS DIGITAL CAMERA"},{"@type":"BreadcrumbList","@id":"https:\/\/www.ladolcevallata.com\/hu\/apartmanok\/melagrana\/#breadcrumb","itemListElement":[{"@type":"ListItem","position":1,"name":"Home","item":"https:\/\/www.ladolcevallata.com\/hu\/"},{"@type":"ListItem","position":2,"name":"Apartmanok","item":"https:\/\/www.ladolcevallata.com\/hu\/apartmanok\/"},{"@type":"ListItem","position":3,"name":"Apartman Melagrana"}]},{"@type":"WebSite","@id":"https:\/\/www.ladolcevallata.com\/hu\/#website","url":"https:\/\/www.ladolcevallata.com\/hu\/","name":"La dolce vallata","description":"My WordPress Blog","potentialAction":[{"@type":"SearchAction","target":{"@type":"EntryPoint","urlTemplate":"https:\/\/www.ladolcevallata.com\/hu\/?s={search_term_string}"},"query-input":{"@type":"PropertyValueSpecification","valueRequired":true,"valueName":"search_term_string"}}],"inLanguage":"hu"}]}},"_links":{"self":[{"href":"https:\/\/www.ladolcevallata.com\/hu\/wp-json\/wp\/v2\/pages\/8225","targetHints":{"allow":["GET"]}}],"collection":[{"href":"https:\/\/www.ladolcevallata.com\/hu\/wp-json\/wp\/v2\/pages"}],"about":[{"href":"https:\/\/www.ladolcevallata.com\/hu\/wp-json\/wp\/v2\/types\/page"}],"author":[{"embeddable":true,"href":"https:\/\/www.ladolcevallata.com\/hu\/wp-json\/wp\/v2\/users\/1"}],"replies":[{"embeddable":true,"href":"https:\/\/www.ladolcevallata.com\/hu\/wp-json\/wp\/v2\/comments?post=8225"}],"version-history":[{"count":10,"href":"https:\/\/www.ladolcevallata.com\/hu\/wp-json\/wp\/v2\/pages\/8225\/revisions"}],"predecessor-version":[{"id":8679,"href":"https:\/\/www.ladolcevallata.com\/hu\/wp-json\/wp\/v2\/pages\/8225\/revisions\/8679"}],"up":[{"embeddable":true,"href":"https:\/\/www.ladolcevallata.com\/hu\/wp-json\/wp\/v2\/pages\/8221"}],"wp:featuredmedia":[{"embeddable":true,"href":"https:\/\/www.ladolcevallata.com\/hu\/wp-json\/wp\/v2\/media\/7338"}],"wp:attachment":[{"href":"https:\/\/www.ladolcevallata.com\/hu\/wp-json\/wp\/v2\/media?parent=8225"}],"curies":[{"name":"wp","href":"https:\/\/api.w.org\/{rel}","templated":true}]}}